{"id":459,"date":"2025-09-07T15:29:44","date_gmt":"2025-09-07T20:29:44","guid":{"rendered":"https:\/\/tamomarketing.com\/?page_id=459"},"modified":"2025-09-07T17:07:06","modified_gmt":"2025-09-07T22:07:06","slug":"quienes-somos","status":"publish","type":"page","link":"https:\/\/tamomarketing.com\/?page_id=459","title":{"rendered":"\u00bfQui\u00e9nes somos?"},"content":{"rendered":"\t\t<div data-elementor-type=\"wp-page\" data-elementor-id=\"459\" class=\"elementor elementor-459\" data-elementor-post-type=\"page\">\n\t\t\t\t\t\t<section class=\"elementor-section elementor-top-section elementor-element elementor-element-7f17ff8d elementor-section-boxed elementor-section-height-default elementor-section-height-default\" data-id=\"7f17ff8d\" data-element_type=\"section\" data-e-type=\"section\" data-settings=\"{&quot;background_background&quot;:&quot;classic&quot;}\">\n\t\t\t\t\t\t\t<div class=\"elementor-background-overlay\"><\/div>\n\t\t\t\t\t\t\t<div class=\"elementor-container elementor-column-gap-no\">\n\t\t\t\t\t<div class=\"elementor-column elementor-col-100 elementor-top-column elementor-element elementor-element-33448266\" data-id=\"33448266\" data-element_type=\"column\" data-e-type=\"column\">\n\t\t\t<div class=\"elementor-widget-wrap elementor-element-populated\">\n\t\t\t\t\t\t<section class=\"elementor-section elementor-inner-section elementor-element elementor-element-422f04f1 elementor-section-boxed elementor-section-height-default elementor-section-height-default\" data-id=\"422f04f1\" data-element_type=\"section\" data-e-type=\"section\">\n\t\t\t\t\t\t<div class=\"elementor-container elementor-column-gap-default\">\n\t\t\t\t\t<div class=\"elementor-column elementor-col-100 elementor-inner-column elementor-element elementor-element-1588b45d\" data-id=\"1588b45d\" data-element_type=\"column\" data-e-type=\"column\">\n\t\t\t<div class=\"elementor-widget-wrap elementor-element-populated\">\n\t\t\t\t\t\t<div class=\"elementor-element elementor-element-4fa6473a de_scroll_animation_no elementor-invisible elementor-widget elementor-widget-heading\" data-id=\"4fa6473a\" data-element_type=\"widget\" data-e-type=\"widget\" data-settings=\"{&quot;_animation&quot;:&quot;fadeInUp&quot;,&quot;_animation_delay&quot;:200}\" data-widget_type=\"heading.default\">\n\t\t\t\t\t<h1 class=\"elementor-heading-title elementor-size-default\">\u00bfQui\u00e9nes somos?<\/h1>\t\t\t\t<\/div>\n\t\t\t\t<div class=\"elementor-element elementor-element-5e37e060 de_scroll_animation_no elementor-invisible elementor-widget elementor-widget-heading\" data-id=\"5e37e060\" data-element_type=\"widget\" data-e-type=\"widget\" data-settings=\"{&quot;_animation&quot;:&quot;fadeInDown&quot;,&quot;_animation_delay&quot;:400}\" data-widget_type=\"heading.default\">\n\t\t\t\t\t<h4 class=\"elementor-heading-title elementor-size-default\">M\u00e1s que una agencia, nos gusta ser ese aliado que suma, propone y acompa\u00f1a.<\/h4>\t\t\t\t<\/div>\n\t\t\t\t\t<\/div>\n\t\t<\/div>\n\t\t\t\t\t<\/div>\n\t\t<\/section>\n\t\t\t\t\t<\/div>\n\t\t<\/div>\n\t\t\t\t\t<\/div>\n\t\t<\/section>\n\t\t\t\t<section class=\"elementor-section elementor-top-section elementor-element elementor-element-6cbe0875 elementor-section-content-middle elementor-section-boxed elementor-section-height-default elementor-section-height-default\" data-id=\"6cbe0875\" data-element_type=\"section\" data-e-type=\"section\">\n\t\t\t\t\t\t<div class=\"elementor-container elementor-column-gap-default\">\n\t\t\t\t\t<div class=\"elementor-column elementor-col-50 elementor-top-column elementor-element elementor-element-52653ee8\" data-id=\"52653ee8\" data-element_type=\"column\" data-e-type=\"column\">\n\t\t\t<div class=\"elementor-widget-wrap elementor-element-populated\">\n\t\t\t\t\t\t<div class=\"elementor-element elementor-element-138a2f8c de_scroll_animation_no elementor-widget elementor-widget-text-editor\" data-id=\"138a2f8c\" data-element_type=\"widget\" data-e-type=\"widget\" data-widget_type=\"text-editor.default\">\n\t\t\t\t\t\t\t\t\t<p>En TAMO MARKETING nos encanta ayudar a marcas que quieren crecer.<br \/>Somos una agencia de marketing digital que combina estrategia, dise\u00f1o y tecnolog\u00eda para<br \/>que negocios y emprendedores puedan conectar con m\u00e1s personas y destacar en lo que<br \/>hacen.<\/p><p><br \/>Nos movemos con ideas claras, soluciones pr\u00e1cticas y mucha energ\u00eda.<br \/>Trabajamos desde la edici\u00f3n de video, dise\u00f1o gr\u00e1fico y redes sociales, hasta campa\u00f1as<br \/>publicitarias, p\u00e1ginas web y producci\u00f3n audiovisual.<\/p><p><br \/>Todo en un solo lugar y pensado para adaptarse a cada proyecto.<br \/>Creemos en el trabajo en equipo, en la comunicaci\u00f3n constante y en hacerlo todo con un<br \/>enfoque real: que lo que hagamos tenga impacto.<\/p>\t\t\t\t\t\t\t\t<\/div>\n\t\t\t\t\t<\/div>\n\t\t<\/div>\n\t\t\t\t<div class=\"elementor-column elementor-col-50 elementor-top-column elementor-element elementor-element-12470991\" data-id=\"12470991\" data-element_type=\"column\" data-e-type=\"column\">\n\t\t\t<div class=\"elementor-widget-wrap elementor-element-populated\">\n\t\t\t\t\t\t<section class=\"elementor-section elementor-inner-section elementor-element elementor-element-41730134 elementor-section-boxed elementor-section-height-default elementor-section-height-default\" data-id=\"41730134\" data-element_type=\"section\" data-e-type=\"section\">\n\t\t\t\t\t\t<div class=\"elementor-container elementor-column-gap-default\">\n\t\t\t\t\t<div class=\"elementor-column elementor-col-50 elementor-inner-column elementor-element elementor-element-7b5efa97\" data-id=\"7b5efa97\" data-element_type=\"column\" data-e-type=\"column\">\n\t\t\t<div class=\"elementor-widget-wrap elementor-element-populated\">\n\t\t\t\t\t\t<div class=\"elementor-element elementor-element-2c131bc5 de_scroll_animation_no elementor-widget elementor-widget-image\" data-id=\"2c131bc5\" data-element_type=\"widget\" data-e-type=\"widget\" data-widget_type=\"image.default\">\n\t\t\t\t\t\t\t\t\t\t\t\t\t\t\t<img fetchpriority=\"high\" decoding=\"async\" width=\"1536\" height=\"1024\" src=\"https:\/\/tamomarketing.com\/wp-content\/uploads\/2025\/09\/hd1.png\" class=\"attachment-full size-full wp-image-244\" alt=\"\" srcset=\"https:\/\/tamomarketing.com\/wp-content\/uploads\/2025\/09\/hd1.png 1536w, https:\/\/tamomarketing.com\/wp-content\/uploads\/2025\/09\/hd1-300x200.png 300w, https:\/\/tamomarketing.com\/wp-content\/uploads\/2025\/09\/hd1-1024x683.png 1024w, https:\/\/tamomarketing.com\/wp-content\/uploads\/2025\/09\/hd1-768x512.png 768w\" sizes=\"(max-width: 1536px) 100vw, 1536px\" \/>\t\t\t\t\t\t\t\t\t\t\t\t\t\t\t<\/div>\n\t\t\t\t\t<\/div>\n\t\t<\/div>\n\t\t\t\t<div class=\"elementor-column elementor-col-50 elementor-inner-column elementor-element elementor-element-5750d33\" data-id=\"5750d33\" data-element_type=\"column\" data-e-type=\"column\">\n\t\t\t<div class=\"elementor-widget-wrap elementor-element-populated\">\n\t\t\t\t\t\t<div class=\"elementor-element elementor-element-6e4668f7 de_scroll_animation_no elementor-widget elementor-widget-image\" data-id=\"6e4668f7\" data-element_type=\"widget\" data-e-type=\"widget\" data-widget_type=\"image.default\">\n\t\t\t\t\t\t\t\t\t\t\t\t\t\t\t<img decoding=\"async\" width=\"1536\" height=\"1024\" src=\"https:\/\/tamomarketing.com\/wp-content\/uploads\/2025\/09\/hd2.png\" class=\"attachment-full size-full wp-image-251\" alt=\"\" srcset=\"https:\/\/tamomarketing.com\/wp-content\/uploads\/2025\/09\/hd2.png 1536w, https:\/\/tamomarketing.com\/wp-content\/uploads\/2025\/09\/hd2-300x200.png 300w, https:\/\/tamomarketing.com\/wp-content\/uploads\/2025\/09\/hd2-1024x683.png 1024w, https:\/\/tamomarketing.com\/wp-content\/uploads\/2025\/09\/hd2-768x512.png 768w\" sizes=\"(max-width: 1536px) 100vw, 1536px\" \/>\t\t\t\t\t\t\t\t\t\t\t\t\t\t\t<\/div>\n\t\t\t\t\t<\/div>\n\t\t<\/div>\n\t\t\t\t\t<\/div>\n\t\t<\/section>\n\t\t\t\t<section class=\"elementor-section elementor-inner-section elementor-element elementor-element-5ab95e36 elementor-section-boxed elementor-section-height-default elementor-section-height-default\" data-id=\"5ab95e36\" data-element_type=\"section\" data-e-type=\"section\">\n\t\t\t\t\t\t<div class=\"elementor-container elementor-column-gap-default\">\n\t\t\t\t\t<div class=\"elementor-column elementor-col-50 elementor-inner-column elementor-element elementor-element-3bd743b8\" data-id=\"3bd743b8\" data-element_type=\"column\" data-e-type=\"column\">\n\t\t\t<div class=\"elementor-widget-wrap elementor-element-populated\">\n\t\t\t\t\t\t<div class=\"elementor-element elementor-element-6ada9791 de_scroll_animation_no elementor-widget elementor-widget-image\" data-id=\"6ada9791\" data-element_type=\"widget\" data-e-type=\"widget\" data-widget_type=\"image.default\">\n\t\t\t\t\t\t\t\t\t\t\t\t\t\t\t<img decoding=\"async\" width=\"1536\" height=\"1024\" src=\"https:\/\/tamomarketing.com\/wp-content\/uploads\/2025\/09\/h3.png\" class=\"attachment-full size-full wp-image-255\" alt=\"\" srcset=\"https:\/\/tamomarketing.com\/wp-content\/uploads\/2025\/09\/h3.png 1536w, https:\/\/tamomarketing.com\/wp-content\/uploads\/2025\/09\/h3-300x200.png 300w, https:\/\/tamomarketing.com\/wp-content\/uploads\/2025\/09\/h3-1024x683.png 1024w, https:\/\/tamomarketing.com\/wp-content\/uploads\/2025\/09\/h3-768x512.png 768w\" sizes=\"(max-width: 1536px) 100vw, 1536px\" \/>\t\t\t\t\t\t\t\t\t\t\t\t\t\t\t<\/div>\n\t\t\t\t\t<\/div>\n\t\t<\/div>\n\t\t\t\t<div class=\"elementor-column elementor-col-50 elementor-inner-column elementor-element elementor-element-27b9a7f0\" data-id=\"27b9a7f0\" data-element_type=\"column\" data-e-type=\"column\">\n\t\t\t<div class=\"elementor-widget-wrap elementor-element-populated\">\n\t\t\t\t\t\t<div class=\"elementor-element elementor-element-28751f63 de_scroll_animation_no elementor-widget elementor-widget-image\" data-id=\"28751f63\" data-element_type=\"widget\" data-e-type=\"widget\" data-widget_type=\"image.default\">\n\t\t\t\t\t\t\t\t\t\t\t\t\t\t\t<img loading=\"lazy\" decoding=\"async\" width=\"1536\" height=\"1024\" src=\"https:\/\/tamomarketing.com\/wp-content\/uploads\/2025\/09\/h4.png\" class=\"attachment-full size-full wp-image-262\" alt=\"\" srcset=\"https:\/\/tamomarketing.com\/wp-content\/uploads\/2025\/09\/h4.png 1536w, https:\/\/tamomarketing.com\/wp-content\/uploads\/2025\/09\/h4-300x200.png 300w, https:\/\/tamomarketing.com\/wp-content\/uploads\/2025\/09\/h4-1024x683.png 1024w, https:\/\/tamomarketing.com\/wp-content\/uploads\/2025\/09\/h4-768x512.png 768w\" sizes=\"(max-width: 1536px) 100vw, 1536px\" \/>\t\t\t\t\t\t\t\t\t\t\t\t\t\t\t<\/div>\n\t\t\t\t\t<\/div>\n\t\t<\/div>\n\t\t\t\t\t<\/div>\n\t\t<\/section>\n\t\t\t\t<div class=\"elementor-element elementor-element-233f3be7 elementor-widget__width-initial elementor-absolute de_scroll_animation_no elementor-widget elementor-widget-counter\" data-id=\"233f3be7\" data-element_type=\"widget\" data-e-type=\"widget\" data-settings=\"{&quot;_position&quot;:&quot;absolute&quot;}\" data-widget_type=\"counter.default\">\n\t\t\t\t\t\t\t<div class=\"elementor-counter\">\n\t\t\t<div class=\"elementor-counter-title\">Calificaci\u00f3n<\/div>\t\t\t<div class=\"elementor-counter-number-wrapper\">\n\t\t\t\t<span class=\"elementor-counter-number-prefix\"><\/span>\n\t\t\t\t<span class=\"elementor-counter-number\" data-duration=\"2000\" data-to-value=\"10\" data-from-value=\"0\" data-delimiter=\",\">0<\/span>\n\t\t\t\t<span class=\"elementor-counter-number-suffix\"><\/span>\n\t\t\t<\/div>\n\t\t<\/div>\n\t\t\t\t\t\t<\/div>\n\t\t\t\t\t<\/div>\n\t\t<\/div>\n\t\t\t\t\t<\/div>\n\t\t<\/section>\n\t\t\t\t<section class=\"elementor-section elementor-top-section elementor-element elementor-element-4d86ecca elementor-section-content-middle elementor-section-boxed elementor-section-height-default elementor-section-height-default\" data-id=\"4d86ecca\" data-element_type=\"section\" data-e-type=\"section\">\n\t\t\t\t\t\t<div class=\"elementor-container elementor-column-gap-default\">\n\t\t\t\t\t<div class=\"elementor-column elementor-col-50 elementor-top-column elementor-element elementor-element-43376699\" data-id=\"43376699\" data-element_type=\"column\" data-e-type=\"column\" data-settings=\"{&quot;background_background&quot;:&quot;classic&quot;}\">\n\t\t\t<div class=\"elementor-widget-wrap elementor-element-populated\">\n\t\t\t\t\t\t<div class=\"elementor-element elementor-element-7ed5a7ff de_scroll_animation_no elementor-widget elementor-widget-image\" data-id=\"7ed5a7ff\" data-element_type=\"widget\" data-e-type=\"widget\" data-widget_type=\"image.default\">\n\t\t\t\t\t\t\t\t\t\t\t\t\t\t\t<img decoding=\"async\" src=\"https:\/\/tamomarketing.com\/wp-content\/uploads\/elementor\/thumbs\/33-rbdtocjqarmfaz4v099sod7zhagx1wcwaodf4zzg8w.png\" title=\"33\" alt=\"33\" loading=\"lazy\" \/>\t\t\t\t\t\t\t\t\t\t\t\t\t\t\t<\/div>\n\t\t\t\t\t<\/div>\n\t\t<\/div>\n\t\t\t\t<div class=\"elementor-column elementor-col-50 elementor-top-column elementor-element elementor-element-303621f9\" data-id=\"303621f9\" data-element_type=\"column\" data-e-type=\"column\">\n\t\t\t<div class=\"elementor-widget-wrap elementor-element-populated\">\n\t\t\t\t\t\t<div class=\"elementor-element elementor-element-5e1d2903 de_scroll_animation_no elementor-widget elementor-widget-heading\" data-id=\"5e1d2903\" data-element_type=\"widget\" data-e-type=\"widget\" data-widget_type=\"heading.default\">\n\t\t\t\t\t<h2 class=\"elementor-heading-title elementor-size-default\">\u00a1SOMOS TU MEJOR OPCI\u00d3N<\/h2>\t\t\t\t<\/div>\n\t\t\t\t<div class=\"elementor-element elementor-element-5cf476f de_scroll_animation_no elementor-widget elementor-widget-text-editor\" data-id=\"5cf476f\" data-element_type=\"widget\" data-e-type=\"widget\" data-widget_type=\"text-editor.default\">\n\t\t\t\t\t\t\t\t\t<p>\u00a1Haz que tu marca destaque con TAMO Marketing!\u00a0<\/p>\t\t\t\t\t\t\t\t<\/div>\n\t\t\t\t<div class=\"elementor-element elementor-element-9b20cfb de_scroll_animation_no elementor-widget elementor-widget-elementskit-progressbar\" data-id=\"9b20cfb\" data-element_type=\"widget\" data-e-type=\"widget\" data-widget_type=\"elementskit-progressbar.default\">\n\t\t\t\t<div class=\"elementor-widget-container\">\n\t\t\t\t\t<div class=\"ekit-wid-con\" >        <div class=\"waypoint-tigger\">\n            <div class=\"skillbar-group inner-content skill-big\" data-progress-bar=\"\">\n                <div class=\"single-skill-bar\">\n                                            <div class=\"skill-bar-content\">\n                            <span class=\"skill-title\">Experiencia<\/span>\n                        <\/div><!-- .skill-bar-content END -->\n                        <div class=\"skill-bar\">\n                            <div class=\"skill-track\">\n                                                                    \n                                    <span class=\"skill-track-icon\" >\n                                        <i aria-hidden=\"true\" class=\"icon icon-arrow-right\"><\/i>                                    <\/span>\n                                \n                                <div class=\"number-percentage-wraper\">\n                                    <span class=\"number-percentage\" data-value=\"92\" data-animation-duration=\"3500\">0<\/span>%\n\n                                                                    <\/div>\n                            <\/div>\n                        <\/div><!-- .skill-bar END -->\n                                    <\/div><!-- .single-skill-bar END -->\n            <\/div><!-- .skillbar-group END -->\n        <\/div>\n        <\/div>\t\t\t\t<\/div>\n\t\t\t\t<\/div>\n\t\t\t\t<div class=\"elementor-element elementor-element-1f5b9949 de_scroll_animation_no elementor-widget elementor-widget-elementskit-progressbar\" data-id=\"1f5b9949\" data-element_type=\"widget\" data-e-type=\"widget\" data-widget_type=\"elementskit-progressbar.default\">\n\t\t\t\t<div class=\"elementor-widget-container\">\n\t\t\t\t\t<div class=\"ekit-wid-con\" >        <div class=\"waypoint-tigger\">\n            <div class=\"skillbar-group inner-content skill-big\" data-progress-bar=\"\">\n                <div class=\"single-skill-bar\">\n                                            <div class=\"skill-bar-content\">\n                            <span class=\"skill-title\">Gesti\u00f3n de redes<\/span>\n                        <\/div><!-- .skill-bar-content END -->\n                        <div class=\"skill-bar\">\n                            <div class=\"skill-track\">\n                                                                    \n                                    <span class=\"skill-track-icon\" >\n                                        <i aria-hidden=\"true\" class=\"icon icon-arrow-right\"><\/i>                                    <\/span>\n                                \n                                <div class=\"number-percentage-wraper\">\n                                    <span class=\"number-percentage\" data-value=\"100\" data-animation-duration=\"3500\">0<\/span>%\n\n                                                                    <\/div>\n                            <\/div>\n                        <\/div><!-- .skill-bar END -->\n                                    <\/div><!-- .single-skill-bar END -->\n            <\/div><!-- .skillbar-group END -->\n        <\/div>\n        <\/div>\t\t\t\t<\/div>\n\t\t\t\t<\/div>\n\t\t\t\t<div class=\"elementor-element elementor-element-79473949 de_scroll_animation_no elementor-widget elementor-widget-elementskit-progressbar\" data-id=\"79473949\" data-element_type=\"widget\" data-e-type=\"widget\" data-widget_type=\"elementskit-progressbar.default\">\n\t\t\t\t<div class=\"elementor-widget-container\">\n\t\t\t\t\t<div class=\"ekit-wid-con\" >        <div class=\"waypoint-tigger\">\n            <div class=\"skillbar-group inner-content skill-big\" data-progress-bar=\"\">\n                <div class=\"single-skill-bar\">\n                                            <div class=\"skill-bar-content\">\n                            <span class=\"skill-title\">Audiovisuales<\/span>\n                        <\/div><!-- .skill-bar-content END -->\n                        <div class=\"skill-bar\">\n                            <div class=\"skill-track\">\n                                                                    \n                                    <span class=\"skill-track-icon\" >\n                                        <i aria-hidden=\"true\" class=\"icon icon-arrow-right\"><\/i>                                    <\/span>\n                                \n                                <div class=\"number-percentage-wraper\">\n                                    <span class=\"number-percentage\" data-value=\"100\" data-animation-duration=\"3500\">0<\/span>%\n\n                                                                    <\/div>\n                            <\/div>\n                        <\/div><!-- .skill-bar END -->\n                                    <\/div><!-- .single-skill-bar END -->\n            <\/div><!-- .skillbar-group END -->\n        <\/div>\n        <\/div>\t\t\t\t<\/div>\n\t\t\t\t<\/div>\n\t\t\t\t<div class=\"elementor-element elementor-element-775e297b de_scroll_animation_no elementor-widget elementor-widget-elementskit-progressbar\" data-id=\"775e297b\" data-element_type=\"widget\" data-e-type=\"widget\" data-widget_type=\"elementskit-progressbar.default\">\n\t\t\t\t<div class=\"elementor-widget-container\">\n\t\t\t\t\t<div class=\"ekit-wid-con\" >        <div class=\"waypoint-tigger\">\n            <div class=\"skillbar-group inner-content skill-big\" data-progress-bar=\"\">\n                <div class=\"single-skill-bar\">\n                                            <div class=\"skill-bar-content\">\n                            <span class=\"skill-title\">Paginas Web<\/span>\n                        <\/div><!-- .skill-bar-content END -->\n                        <div class=\"skill-bar\">\n                            <div class=\"skill-track\">\n                                                                    \n                                    <span class=\"skill-track-icon\" >\n                                        <i aria-hidden=\"true\" class=\"icon icon-arrow-right\"><\/i>                                    <\/span>\n                                \n                                <div class=\"number-percentage-wraper\">\n                                    <span class=\"number-percentage\" data-value=\"100\" data-animation-duration=\"3500\">0<\/span>%\n\n                                                                    <\/div>\n                            <\/div>\n                        <\/div><!-- .skill-bar END -->\n                                    <\/div><!-- .single-skill-bar END -->\n            <\/div><!-- .skillbar-group END -->\n        <\/div>\n        <\/div>\t\t\t\t<\/div>\n\t\t\t\t<\/div>\n\t\t\t\t\t<\/div>\n\t\t<\/div>\n\t\t\t\t\t<\/div>\n\t\t<\/section>\n\t\t\t\t<\/div>\n\t\t","protected":false},"excerpt":{"rendered":"<p>M\u00e1s que una agencia, nos gusta ser ese aliado que suma, propone y acompa\u00f1a. En TAMO MARKETING nos encanta ayudar a marcas que quieren crecer.Somos una agencia de marketing digital que combina estrategia, dise\u00f1o y tecnolog\u00eda paraque negocios y emprendedores puedan conectar con m\u00e1s personas y destacar en lo quehacen. Nos movemos con ideas claras, [&hellip;]<\/p>\n","protected":false},"author":1,"featured_media":0,"parent":0,"menu_order":0,"comment_status":"closed","ping_status":"closed","template":"","meta":{"footnotes":""},"class_list":["post-459","page","type-page","status-publish","hentry"],"_links":{"self":[{"href":"https:\/\/tamomarketing.com\/index.php?rest_route=\/wp\/v2\/pages\/459","targetHints":{"allow":["GET"]}}],"collection":[{"href":"https:\/\/tamomarketing.com\/index.php?rest_route=\/wp\/v2\/pages"}],"about":[{"href":"https:\/\/tamomarketing.com\/index.php?rest_route=\/wp\/v2\/types\/page"}],"author":[{"embeddable":true,"href":"https:\/\/tamomarketing.com\/index.php?rest_route=\/wp\/v2\/users\/1"}],"replies":[{"embeddable":true,"href":"https:\/\/tamomarketing.com\/index.php?rest_route=%2Fwp%2Fv2%2Fcomments&post=459"}],"version-history":[{"count":22,"href":"https:\/\/tamomarketing.com\/index.php?rest_route=\/wp\/v2\/pages\/459\/revisions"}],"predecessor-version":[{"id":515,"href":"https:\/\/tamomarketing.com\/index.php?rest_route=\/wp\/v2\/pages\/459\/revisions\/515"}],"wp:attachment":[{"href":"https:\/\/tamomarketing.com\/index.php?rest_route=%2Fwp%2Fv2%2Fmedia&parent=459"}],"curies":[{"name":"wp","href":"https:\/\/api.w.org\/{rel}","templated":true}]}}